{"id":44,"date":"2017-11-05T17:56:34","date_gmt":"2017-11-05T16:56:34","guid":{"rendered":"http:\/\/tagesoma.com\/?page_id=44"},"modified":"2021-06-15T09:54:14","modified_gmt":"2021-06-15T07:54:14","slug":"ueber-uns-und-baerchenland","status":"publish","type":"page","link":"http:\/\/tagesoma.com\/","title":{"rendered":"\u00dcber uns und B\u00e4rchenland"},"content":{"rendered":"<p style=\"font-weight: 400;\">Wir sind 51 bzw. 54 Jahre alt, verheiratet und Eltern von drei erwachsenen Kindern und drei Enkelkindern (7 und 6 Jahre alte Kinder und ein 5 Monate altes Baby). Wir sind als Tagesoma bzw. -opa bei der Kinderbetreuungsb\u00f6rse und dem\u00a0Jugendamt gemeldet. Dort besuchen wir regelm\u00e4\u00dfig Fortbildungen und nehmen an Arbeitskreisen teil.<\/p>\n<p style=\"font-weight: 400;\">Wir leben in D\u00fcrbheim (sehr gute Verkehrsanbindung) in einem Haus mit gro\u00dfem Garten.<\/p>\n<p style=\"font-weight: 400;\">Liebevoll haben wir ein gro\u00dfes Spielzimmer mit Spielsachen und einen separaten Schlafraum eingerichtet.<\/p>\n<p style=\"font-weight: 400;\"><strong><u>Ihre Vorteile:<\/u><\/strong><\/p>\n<p style=\"font-weight: 400;\">*\u00a0kleine Gruppe ( 3 \u2013 5 Kinder)<br \/>\n* famili\u00e4res Umfeld<br \/>\n* flexible Betreuungszeiten<br \/>\n* kindergerechte F\u00f6rderung<br \/>\n* zufriedene Eltern<br \/>\n* t\u00e4glich frisch zubereitetes Fr\u00fchst\u00fcck und Mittagsessen<br \/>\n* Waschm\u00f6glichkeit<br \/>\n* Abholm\u00f6glichkeit<\/p>\n<p>&nbsp;<\/p>\n","protected":false},"excerpt":{"rendered":"<p>Wir sind 51 bzw. 54 Jahre alt, verheiratet und Eltern von drei erwachsenen Kindern und drei Enkelkindern (7 und 6 Jahre alte Kinder und ein 5 Monate altes Baby). Wir sind als Tagesoma bzw. -opa bei der Kinderbetreuungsb\u00f6rse und dem\u00a0Jugendamt gemeldet. Dort besuchen wir regelm\u00e4\u00dfig Fortbildungen und nehmen an Arbeitskreisen teil. Wir leben in D\u00fcrbheim &hellip; <\/p>\n<p class=\"link-more\"><a href=\"http:\/\/tagesoma.com\/\" class=\"more-link\"><span class=\"screen-reader-text\">&#8222;\u00dcber uns und B\u00e4rchenland&#8220;<\/span> weiterlesen<\/a><\/p>\n","protected":false},"author":1,"featured_media":135,"parent":0,"menu_order":0,"comment_status":"closed","ping_status":"closed","template":"","meta":{"footnotes":""},"_links":{"self":[{"href":"http:\/\/tagesoma.com\/index.php?rest_route=\/wp\/v2\/pages\/44"}],"collection":[{"href":"http:\/\/tagesoma.com\/index.php?rest_route=\/wp\/v2\/pages"}],"about":[{"href":"http:\/\/tagesoma.com\/index.php?rest_route=\/wp\/v2\/types\/page"}],"author":[{"embeddable":true,"href":"http:\/\/tagesoma.com\/index.php?rest_route=\/wp\/v2\/users\/1"}],"replies":[{"embeddable":true,"href":"http:\/\/tagesoma.com\/index.php?rest_route=%2Fwp%2Fv2%2Fcomments&post=44"}],"version-history":[{"count":6,"href":"http:\/\/tagesoma.com\/index.php?rest_route=\/wp\/v2\/pages\/44\/revisions"}],"predecessor-version":[{"id":148,"href":"http:\/\/tagesoma.com\/index.php?rest_route=\/wp\/v2\/pages\/44\/revisions\/148"}],"wp:featuredmedia":[{"embeddable":true,"href":"http:\/\/tagesoma.com\/index.php?rest_route=\/wp\/v2\/media\/135"}],"wp:attachment":[{"href":"http:\/\/tagesoma.com\/index.php?rest_route=%2Fwp%2Fv2%2Fmedia&parent=44"}],"curies":[{"name":"wp","href":"https:\/\/api.w.org\/{rel}","templated":true}]}}