{"id":17,"date":"2017-11-05T17:50:07","date_gmt":"2017-11-05T16:50:07","guid":{"rendered":"http:\/\/tagesoma.com\/?page_id=17"},"modified":"2021-06-15T09:58:16","modified_gmt":"2021-06-15T07:58:16","slug":"ueber-mich","status":"publish","type":"page","link":"http:\/\/tagesoma.com\/?page_id=17","title":{"rendered":"Leistungen im \u00dcberblick"},"content":{"rendered":"<p style=\"font-weight: 400;\">Nach einer\u00a0dem Kind angemessenen Eingew\u00f6hnungszeit (in der Regel 2-6 Wochen) bringen Sie Ihr Kind zu vereinbarten Tageszeiten in unseren Haushalt.<\/p>\n<p style=\"font-weight: 400;\">Hier findet Ihr Kind andere Spielgef\u00e4hrten und eine liebevolle Oma- und Opabetreuung. Wichtig an der Arbeit sind uns die motorische und sprachliche F\u00f6rderung \u00a0sowie das kreative Arbeiten mit den Kindern. Wir singen, spielen, basteln und bewegen uns viel unter anderem auch an der frischen Luft. Des Weiteren haben wir f\u00fcr die Ruhezeit einen separaten Schlafraum f\u00fcr die Kinder.<\/p>\n<p style=\"font-weight: 400;\">Wir bringen langj\u00e4hrige Erfahrung in der S\u00e4uglingspflege mit. Ein regelm\u00e4\u00dfiger Austausch mit den Eltern ist f\u00fcr uns selbstverst\u00e4ndlich.<\/p>\n<p style=\"font-weight: 400;\">T\u00e4glich frisches Fr\u00fchst\u00fcck und frisch gekochtes Mittagsessen.<\/p>\n","protected":false},"excerpt":{"rendered":"<p>Nach einer\u00a0dem Kind angemessenen Eingew\u00f6hnungszeit (in der Regel 2-6 Wochen) bringen Sie Ihr Kind zu vereinbarten Tageszeiten in unseren Haushalt. Hier findet Ihr Kind andere Spielgef\u00e4hrten und eine liebevolle Oma- und Opabetreuung. Wichtig an der Arbeit sind uns die motorische und sprachliche F\u00f6rderung \u00a0sowie das kreative Arbeiten mit den Kindern. Wir singen, spielen, basteln und &hellip; <\/p>\n<p class=\"link-more\"><a href=\"http:\/\/tagesoma.com\/?page_id=17\" class=\"more-link\"><span class=\"screen-reader-text\">&#8222;Leistungen im \u00dcberblick&#8220;<\/span> weiterlesen<\/a><\/p>\n","protected":false},"author":1,"featured_media":131,"parent":0,"menu_order":0,"comment_status":"closed","ping_status":"closed","template":"","meta":{"footnotes":""},"_links":{"self":[{"href":"http:\/\/tagesoma.com\/index.php?rest_route=\/wp\/v2\/pages\/17"}],"collection":[{"href":"http:\/\/tagesoma.com\/index.php?rest_route=\/wp\/v2\/pages"}],"about":[{"href":"http:\/\/tagesoma.com\/index.php?rest_route=\/wp\/v2\/types\/page"}],"author":[{"embeddable":true,"href":"http:\/\/tagesoma.com\/index.php?rest_route=\/wp\/v2\/users\/1"}],"replies":[{"embeddable":true,"href":"http:\/\/tagesoma.com\/index.php?rest_route=%2Fwp%2Fv2%2Fcomments&post=17"}],"version-history":[{"count":3,"href":"http:\/\/tagesoma.com\/index.php?rest_route=\/wp\/v2\/pages\/17\/revisions"}],"predecessor-version":[{"id":100,"href":"http:\/\/tagesoma.com\/index.php?rest_route=\/wp\/v2\/pages\/17\/revisions\/100"}],"wp:featuredmedia":[{"embeddable":true,"href":"http:\/\/tagesoma.com\/index.php?rest_route=\/wp\/v2\/media\/131"}],"wp:attachment":[{"href":"http:\/\/tagesoma.com\/index.php?rest_route=%2Fwp%2Fv2%2Fmedia&parent=17"}],"curies":[{"name":"wp","href":"https:\/\/api.w.org\/{rel}","templated":true}]}}